{"id":826,"date":"2025-07-02T11:52:13","date_gmt":"2025-07-02T09:52:13","guid":{"rendered":"https:\/\/euromp.com\/empresa\/"},"modified":"2026-04-10T08:49:10","modified_gmt":"2026-04-10T06:49:10","slug":"empresa","status":"publish","type":"page","link":"https:\/\/euromp.com\/es\/empresa\/","title":{"rendered":"Empresa"},"content":{"rendered":"\t\t<div data-elementor-type=\"wp-page\" data-elementor-id=\"826\" class=\"elementor elementor-826 elementor-564\" data-elementor-post-type=\"page\">\n\t\t\t\t<div class=\"elementor-element elementor-element-b2feaa6 e-con-full e-flex e-con e-parent\" data-id=\"b2feaa6\" data-element_type=\"container\" data-e-type=\"container\" data-settings=\"{&quot;background_background&quot;:&quot;classic&quot;}\">\n\t\t<div class=\"elementor-element elementor-element-7216878 e-flex e-con-boxed e-con e-child\" data-id=\"7216878\" data-element_type=\"container\" data-e-type=\"container\">\n\t\t\t\t\t<div class=\"e-con-inner\">\n\t\t\t\t<div class=\"elementor-element elementor-element-b23fdee elementor-invisible elementor-widget elementor-widget-heading\" data-id=\"b23fdee\" data-element_type=\"widget\" data-e-type=\"widget\" data-settings=\"{&quot;_animation&quot;:&quot;fadeInDown&quot;}\" data-widget_type=\"heading.default\">\n\t\t\t\t<div class=\"elementor-widget-container\">\n\t\t\t\t\t<h1 class=\"elementor-heading-title elementor-size-default\">Empresa<\/h1>\t\t\t\t<\/div>\n\t\t\t\t<\/div>\n\t\t\t\t\t<\/div>\n\t\t\t\t<\/div>\n\t\t<div class=\"elementor-element elementor-element-cd65e41 e-flex e-con-boxed e-con e-child\" data-id=\"cd65e41\" data-element_type=\"container\" data-e-type=\"container\">\n\t\t\t\t\t<div class=\"e-con-inner\">\n\t\t\t\t<div class=\"elementor-element elementor-element-b5a5af9 elementor-invisible elementor-widget elementor-widget-text-editor\" data-id=\"b5a5af9\" data-element_type=\"widget\" data-e-type=\"widget\" data-settings=\"{&quot;_animation&quot;:&quot;fadeInUp&quot;}\" data-widget_type=\"text-editor.default\">\n\t\t\t\t<div class=\"elementor-widget-container\">\n\t\t\t\t\t\t\t\t\t<p class=\"p1\">Especialistas en personal para actos y eventos<\/p>\t\t\t\t\t\t\t\t<\/div>\n\t\t\t\t<\/div>\n\t\t\t\t\t<\/div>\n\t\t\t\t<\/div>\n\t\t\t\t<\/div>\n\t\t<div class=\"elementor-element elementor-element-6c601c4 e-con-full e-flex e-con e-parent\" data-id=\"6c601c4\" data-element_type=\"container\" data-e-type=\"container\">\n\t\t<div class=\"elementor-element elementor-element-dfed3e9 e-con-full e-flex e-con e-child\" data-id=\"dfed3e9\" data-element_type=\"container\" data-e-type=\"container\">\n\t\t\t\t<div class=\"elementor-element elementor-element-94cca84 e-transform elementor-widget-divider--view-line elementor-invisible elementor-widget elementor-widget-divider\" data-id=\"94cca84\" data-element_type=\"widget\" data-e-type=\"widget\" data-settings=\"{&quot;_transform_translateX_effect&quot;:{&quot;unit&quot;:&quot;px&quot;,&quot;size&quot;:178,&quot;sizes&quot;:[]},&quot;_transform_translateY_effect&quot;:{&quot;unit&quot;:&quot;px&quot;,&quot;size&quot;:-27,&quot;sizes&quot;:[]},&quot;_animation&quot;:&quot;fadeInLeft&quot;,&quot;_animation_delay&quot;:400,&quot;_transform_translateX_effect_tablet_extra&quot;:{&quot;unit&quot;:&quot;px&quot;,&quot;size&quot;:&quot;&quot;,&quot;sizes&quot;:[]},&quot;_transform_translateX_effect_tablet&quot;:{&quot;unit&quot;:&quot;px&quot;,&quot;size&quot;:&quot;&quot;,&quot;sizes&quot;:[]},&quot;_transform_translateX_effect_mobile&quot;:{&quot;unit&quot;:&quot;px&quot;,&quot;size&quot;:&quot;&quot;,&quot;sizes&quot;:[]},&quot;_transform_translateY_effect_tablet_extra&quot;:{&quot;unit&quot;:&quot;px&quot;,&quot;size&quot;:&quot;&quot;,&quot;sizes&quot;:[]},&quot;_transform_translateY_effect_tablet&quot;:{&quot;unit&quot;:&quot;px&quot;,&quot;size&quot;:&quot;&quot;,&quot;sizes&quot;:[]},&quot;_transform_translateY_effect_mobile&quot;:{&quot;unit&quot;:&quot;px&quot;,&quot;size&quot;:&quot;&quot;,&quot;sizes&quot;:[]}}\" data-widget_type=\"divider.default\">\n\t\t\t\t<div class=\"elementor-widget-container\">\n\t\t\t\t\t\t\t<div class=\"elementor-divider\">\n\t\t\t<span class=\"elementor-divider-separator\">\n\t\t\t\t\t\t<\/span>\n\t\t<\/div>\n\t\t\t\t\t\t<\/div>\n\t\t\t\t<\/div>\n\t\t<div class=\"elementor-element elementor-element-bd36c3e e-con-full e-flex e-con e-child\" data-id=\"bd36c3e\" data-element_type=\"container\" data-e-type=\"container\">\n\t\t\t\t<div class=\"elementor-element elementor-element-458c18d elementor-invisible elementor-widget elementor-widget-heading\" data-id=\"458c18d\" data-element_type=\"widget\" data-e-type=\"widget\" data-settings=\"{&quot;_animation&quot;:&quot;fadeInLeft&quot;}\" data-widget_type=\"heading.default\">\n\t\t\t\t<div class=\"elementor-widget-container\">\n\t\t\t\t\t<h2 class=\"elementor-heading-title elementor-size-default\">Profesionales de confianza para eventos con personalidad<\/h2>\t\t\t\t<\/div>\n\t\t\t\t<\/div>\n\t\t\t\t<\/div>\n\t\t\t\t<div class=\"elementor-element elementor-element-9a99ab3 elementor-invisible elementor-widget elementor-widget-text-editor\" data-id=\"9a99ab3\" data-element_type=\"widget\" data-e-type=\"widget\" data-settings=\"{&quot;_animation&quot;:&quot;fadeInRight&quot;}\" data-widget_type=\"text-editor.default\">\n\t\t\t\t<div class=\"elementor-widget-container\">\n\t\t\t\t\t\t\t\t\t<p>Somos una agencia de Girona especializada en proporcionar personal para eventos culturales, institucionales, deportivos y sociales, entre otros.<span class=\"Apple-converted-space\">  <\/span>Contamos con un equipo activo y din\u00e1mico con experiencia en atenci\u00f3n al p\u00fablico y soporte en eventos. Nuestro objetivo es ofrecer soluciones a medida, con un servicio cercano, flexible y de calidad, para garantizar el \u00e9xito de cada evento.<\/p>\t\t\t\t\t\t\t\t<\/div>\n\t\t\t\t<\/div>\n\t\t\t\t<div class=\"elementor-element elementor-element-d0a128a elementor-mobile-align-center elementor-invisible elementor-widget elementor-widget-button\" data-id=\"d0a128a\" data-element_type=\"widget\" data-e-type=\"widget\" data-settings=\"{&quot;_animation&quot;:&quot;fadeInLeft&quot;,&quot;_animation_delay&quot;:400}\" data-widget_type=\"button.default\">\n\t\t\t\t<div class=\"elementor-widget-container\">\n\t\t\t\t\t\t\t\t\t<div class=\"elementor-button-wrapper\">\n\t\t\t\t\t<a class=\"elementor-button elementor-button-link elementor-size-sm\" href=\"https:\/\/euromp.com\/es\/contacto\/\">\n\t\t\t\t\t\t<span class=\"elementor-button-content-wrapper\">\n\t\t\t\t\t\t\t\t\t<span class=\"elementor-button-text\">Pide m\u00e1s informaci\u00f3n<\/span>\n\t\t\t\t\t<\/span>\n\t\t\t\t\t<\/a>\n\t\t\t\t<\/div>\n\t\t\t\t\t\t\t\t<\/div>\n\t\t\t\t<\/div>\n\t\t\t\t<\/div>\n\t\t<div class=\"elementor-element elementor-element-07f46b8 e-con-full e-flex e-con e-child\" data-id=\"07f46b8\" data-element_type=\"container\" data-e-type=\"container\">\n\t\t\t\t<div class=\"elementor-element elementor-element-0577bda elementor-invisible elementor-widget elementor-widget-image\" data-id=\"0577bda\" data-element_type=\"widget\" data-e-type=\"widget\" data-settings=\"{&quot;_animation&quot;:&quot;fadeInUp&quot;}\" data-widget_type=\"image.default\">\n\t\t\t\t<div class=\"elementor-widget-container\">\n\t\t\t\t\t\t\t\t\t\t\t\t\t\t\t<img fetchpriority=\"high\" decoding=\"async\" width=\"800\" height=\"599\" src=\"https:\/\/euromp.com\/wp-content\/uploads\/2025\/07\/4Editada-1024x767.webp\" class=\"attachment-large size-large wp-image-1054\" alt=\"Evento Champions League\" srcset=\"https:\/\/euromp.com\/wp-content\/uploads\/2025\/07\/4Editada-1024x767.webp 1024w, https:\/\/euromp.com\/wp-content\/uploads\/2025\/07\/4Editada-300x225.webp 300w, https:\/\/euromp.com\/wp-content\/uploads\/2025\/07\/4Editada-768x576.webp 768w, https:\/\/euromp.com\/wp-content\/uploads\/2025\/07\/4Editada-1536x1151.webp 1536w, https:\/\/euromp.com\/wp-content\/uploads\/2025\/07\/4Editada.webp 1600w\" sizes=\"(max-width: 800px) 100vw, 800px\" \/>\t\t\t\t\t\t\t\t\t\t\t\t\t\t\t<\/div>\n\t\t\t\t<\/div>\n\t\t\t\t<\/div>\n\t\t\t\t<\/div>\n\t\t<div class=\"elementor-element elementor-element-fb95239 e-con-full e-flex e-con e-parent\" data-id=\"fb95239\" data-element_type=\"container\" data-e-type=\"container\" data-settings=\"{&quot;background_background&quot;:&quot;classic&quot;}\">\n\t\t<div class=\"elementor-element elementor-element-06445a3 e-con-full e-flex e-con e-child\" data-id=\"06445a3\" data-element_type=\"container\" data-e-type=\"container\">\n\t\t<div class=\"elementor-element elementor-element-09210fe e-con-full e-flex e-con e-child\" data-id=\"09210fe\" data-element_type=\"container\" data-e-type=\"container\">\n\t\t\t\t<div class=\"elementor-element elementor-element-7ef8f8e elementor-invisible elementor-widget elementor-widget-heading\" data-id=\"7ef8f8e\" data-element_type=\"widget\" data-e-type=\"widget\" data-settings=\"{&quot;_animation&quot;:&quot;fadeInLeft&quot;,&quot;_animation_delay&quot;:200}\" data-widget_type=\"heading.default\">\n\t\t\t\t<div class=\"elementor-widget-container\">\n\t\t\t\t\t<h3 class=\"elementor-heading-title elementor-size-default\">Nuestro compromiso con cada evento<\/h3>\t\t\t\t<\/div>\n\t\t\t\t<\/div>\n\t\t\t\t<div class=\"elementor-element elementor-element-40b9cbc elementor-widget__width-initial elementor-invisible elementor-widget elementor-widget-text-editor\" data-id=\"40b9cbc\" data-element_type=\"widget\" data-e-type=\"widget\" data-settings=\"{&quot;_animation&quot;:&quot;fadeInUp&quot;}\" data-widget_type=\"text-editor.default\">\n\t\t\t\t<div class=\"elementor-widget-container\">\n\t\t\t\t\t\t\t\t\t<p class=\"p1\">En <b>Euromp<\/b> trabajamos para que cada evento cuente con el personal y el apoyo que necesita. Nuestro objetivo es ofrecer un servicio cercano, flexible y de calidad, adaptado a las necesidades de cada cliente.<\/p>\t\t\t\t\t\t\t\t<\/div>\n\t\t\t\t<\/div>\n\t\t\t\t<div class=\"elementor-element elementor-element-5d6eb30 elementor-invisible elementor-widget elementor-widget-button\" data-id=\"5d6eb30\" data-element_type=\"widget\" data-e-type=\"widget\" data-settings=\"{&quot;_animation&quot;:&quot;fadeInLeft&quot;,&quot;_animation_delay&quot;:200}\" data-widget_type=\"button.default\">\n\t\t\t\t<div class=\"elementor-widget-container\">\n\t\t\t\t\t\t\t\t\t<div class=\"elementor-button-wrapper\">\n\t\t\t\t\t<a class=\"elementor-button elementor-button-link elementor-size-sm\" href=\"https:\/\/euromp.com\/es\/trabaja-con-nosotros\/\">\n\t\t\t\t\t\t<span class=\"elementor-button-content-wrapper\">\n\t\t\t\t\t\t\t\t\t<span class=\"elementor-button-text\">\u00bfQuieres formar parte de nuestro equipo?<\/span>\n\t\t\t\t\t<\/span>\n\t\t\t\t\t<\/a>\n\t\t\t\t<\/div>\n\t\t\t\t\t\t\t\t<\/div>\n\t\t\t\t<\/div>\n\t\t\t\t<\/div>\n\t\t\t\t<\/div>\n\t\t\t\t<\/div>\n\t\t\t\t<\/div>\n\t\t","protected":false},"excerpt":{"rendered":"<p>Empresa Especialistas en personal para actos y eventos Profesionales de confianza para eventos con personalidad Somos una agencia de Girona especializada en proporcionar personal para eventos culturales, institucionales, deportivos y sociales, entre otros. Contamos con un equipo activo y din\u00e1mico con experiencia en atenci\u00f3n al p\u00fablico y soporte en eventos. Nuestro objetivo es ofrecer soluciones [&hellip;]<\/p>\n","protected":false},"author":1,"featured_media":73,"parent":0,"menu_order":0,"comment_status":"closed","ping_status":"closed","template":"","meta":{"footnotes":""},"class_list":["post-826","page","type-page","status-publish","has-post-thumbnail","hentry"],"yoast_head":"<!-- This site is optimized with the Yoast SEO plugin v27.6 - https:\/\/yoast.com\/product\/yoast-seo-wordpress\/ -->\n<title>Equipo para eventos en Girona - EuroMp<\/title>\n<meta name=\"description\" content=\"EuroMp ofrece equipo profesional para eventos en Girona. Experiencia y proximidad para garantizar el \u00e9xito de tu evento.\" \/>\n<meta name=\"robots\" content=\"index, follow, max-snippet:-1, max-image-preview:large, max-video-preview:-1\" \/>\n<link rel=\"canonical\" href=\"https:\/\/euromp.com\/es\/empresa\/\" \/>\n<meta property=\"og:locale\" content=\"es_ES\" \/>\n<meta property=\"og:type\" content=\"article\" \/>\n<meta property=\"og:title\" content=\"Equipo para eventos en Girona - EuroMp\" \/>\n<meta property=\"og:description\" content=\"EuroMp ofrece equipo profesional para eventos en Girona. Experiencia y proximidad para garantizar el \u00e9xito de tu evento.\" \/>\n<meta property=\"og:url\" content=\"https:\/\/euromp.com\/es\/empresa\/\" \/>\n<meta property=\"og:site_name\" content=\"EuroMp\" \/>\n<meta property=\"article:modified_time\" content=\"2026-04-10T06:49:10+00:00\" \/>\n<meta property=\"og:image\" content=\"https:\/\/euromp.com\/wp-content\/uploads\/2025\/06\/icona.png\" \/>\n\t<meta property=\"og:image:width\" content=\"2363\" \/>\n\t<meta property=\"og:image:height\" content=\"2363\" \/>\n\t<meta property=\"og:image:type\" content=\"image\/png\" \/>\n<meta name=\"twitter:card\" content=\"summary_large_image\" \/>\n<meta name=\"twitter:label1\" content=\"Tiempo de lectura\" \/>\n\t<meta name=\"twitter:data1\" content=\"1 minuto\" \/>\n<script type=\"application\/ld+json\" class=\"yoast-schema-graph\">{\"@context\":\"https:\\\/\\\/schema.org\",\"@graph\":[{\"@type\":\"WebPage\",\"@id\":\"https:\\\/\\\/euromp.com\\\/es\\\/empresa\\\/\",\"url\":\"https:\\\/\\\/euromp.com\\\/es\\\/empresa\\\/\",\"name\":\"Equipo para eventos en Girona - EuroMp\",\"isPartOf\":{\"@id\":\"https:\\\/\\\/euromp.com\\\/es\\\/#website\"},\"primaryImageOfPage\":{\"@id\":\"https:\\\/\\\/euromp.com\\\/es\\\/empresa\\\/#primaryimage\"},\"image\":{\"@id\":\"https:\\\/\\\/euromp.com\\\/es\\\/empresa\\\/#primaryimage\"},\"thumbnailUrl\":\"https:\\\/\\\/euromp.com\\\/wp-content\\\/uploads\\\/2025\\\/06\\\/icona.png\",\"datePublished\":\"2025-07-02T09:52:13+00:00\",\"dateModified\":\"2026-04-10T06:49:10+00:00\",\"description\":\"EuroMp ofrece equipo profesional para eventos en Girona. Experiencia y proximidad para garantizar el \u00e9xito de tu evento.\",\"breadcrumb\":{\"@id\":\"https:\\\/\\\/euromp.com\\\/es\\\/empresa\\\/#breadcrumb\"},\"inLanguage\":\"es\",\"potentialAction\":[{\"@type\":\"ReadAction\",\"target\":[\"https:\\\/\\\/euromp.com\\\/es\\\/empresa\\\/\"]}]},{\"@type\":\"ImageObject\",\"inLanguage\":\"es\",\"@id\":\"https:\\\/\\\/euromp.com\\\/es\\\/empresa\\\/#primaryimage\",\"url\":\"https:\\\/\\\/euromp.com\\\/wp-content\\\/uploads\\\/2025\\\/06\\\/icona.png\",\"contentUrl\":\"https:\\\/\\\/euromp.com\\\/wp-content\\\/uploads\\\/2025\\\/06\\\/icona.png\",\"width\":2363,\"height\":2363,\"caption\":\"Icono\"},{\"@type\":\"BreadcrumbList\",\"@id\":\"https:\\\/\\\/euromp.com\\\/es\\\/empresa\\\/#breadcrumb\",\"itemListElement\":[{\"@type\":\"ListItem\",\"position\":1,\"name\":\"Inici\",\"item\":\"https:\\\/\\\/euromp.com\\\/es\\\/inicio\\\/\"},{\"@type\":\"ListItem\",\"position\":2,\"name\":\"Empresa\"}]},{\"@type\":\"WebSite\",\"@id\":\"https:\\\/\\\/euromp.com\\\/es\\\/#website\",\"url\":\"https:\\\/\\\/euromp.com\\\/es\\\/\",\"name\":\"EuroMp\",\"description\":\"Hostesses i promotors per esdeveniments professionals, fires, congressos i accions promocionals\",\"publisher\":{\"@id\":\"https:\\\/\\\/euromp.com\\\/es\\\/#organization\"},\"potentialAction\":[{\"@type\":\"SearchAction\",\"target\":{\"@type\":\"EntryPoint\",\"urlTemplate\":\"https:\\\/\\\/euromp.com\\\/es\\\/?s={search_term_string}\"},\"query-input\":{\"@type\":\"PropertyValueSpecification\",\"valueRequired\":true,\"valueName\":\"search_term_string\"}}],\"inLanguage\":\"es\"},{\"@type\":\"Organization\",\"@id\":\"https:\\\/\\\/euromp.com\\\/es\\\/#organization\",\"name\":\"EuroMp\",\"url\":\"https:\\\/\\\/euromp.com\\\/es\\\/\",\"logo\":{\"@type\":\"ImageObject\",\"inLanguage\":\"es\",\"@id\":\"https:\\\/\\\/euromp.com\\\/es\\\/#\\\/schema\\\/logo\\\/image\\\/\",\"url\":\"https:\\\/\\\/euromp.com\\\/wp-content\\\/uploads\\\/2025\\\/07\\\/01-LogotipNegre.webp\",\"contentUrl\":\"https:\\\/\\\/euromp.com\\\/wp-content\\\/uploads\\\/2025\\\/07\\\/01-LogotipNegre.webp\",\"width\":1000,\"height\":364,\"caption\":\"EuroMp\"},\"image\":{\"@id\":\"https:\\\/\\\/euromp.com\\\/es\\\/#\\\/schema\\\/logo\\\/image\\\/\"},\"sameAs\":[\"https:\\\/\\\/www.instagram.com\\\/euromphostesses\\\/\"]}]}<\/script>\n<!-- \/ Yoast SEO plugin. -->","yoast_head_json":{"title":"Equipo para eventos en Girona - EuroMp","description":"EuroMp ofrece equipo profesional para eventos en Girona. Experiencia y proximidad para garantizar el \u00e9xito de tu evento.","robots":{"index":"index","follow":"follow","max-snippet":"max-snippet:-1","max-image-preview":"max-image-preview:large","max-video-preview":"max-video-preview:-1"},"canonical":"https:\/\/euromp.com\/es\/empresa\/","og_locale":"es_ES","og_type":"article","og_title":"Equipo para eventos en Girona - EuroMp","og_description":"EuroMp ofrece equipo profesional para eventos en Girona. Experiencia y proximidad para garantizar el \u00e9xito de tu evento.","og_url":"https:\/\/euromp.com\/es\/empresa\/","og_site_name":"EuroMp","article_modified_time":"2026-04-10T06:49:10+00:00","og_image":[{"width":2363,"height":2363,"url":"https:\/\/euromp.com\/wp-content\/uploads\/2025\/06\/icona.png","type":"image\/png"}],"twitter_card":"summary_large_image","twitter_misc":{"Tiempo de lectura":"1 minuto"},"schema":{"@context":"https:\/\/schema.org","@graph":[{"@type":"WebPage","@id":"https:\/\/euromp.com\/es\/empresa\/","url":"https:\/\/euromp.com\/es\/empresa\/","name":"Equipo para eventos en Girona - EuroMp","isPartOf":{"@id":"https:\/\/euromp.com\/es\/#website"},"primaryImageOfPage":{"@id":"https:\/\/euromp.com\/es\/empresa\/#primaryimage"},"image":{"@id":"https:\/\/euromp.com\/es\/empresa\/#primaryimage"},"thumbnailUrl":"https:\/\/euromp.com\/wp-content\/uploads\/2025\/06\/icona.png","datePublished":"2025-07-02T09:52:13+00:00","dateModified":"2026-04-10T06:49:10+00:00","description":"EuroMp ofrece equipo profesional para eventos en Girona. Experiencia y proximidad para garantizar el \u00e9xito de tu evento.","breadcrumb":{"@id":"https:\/\/euromp.com\/es\/empresa\/#breadcrumb"},"inLanguage":"es","potentialAction":[{"@type":"ReadAction","target":["https:\/\/euromp.com\/es\/empresa\/"]}]},{"@type":"ImageObject","inLanguage":"es","@id":"https:\/\/euromp.com\/es\/empresa\/#primaryimage","url":"https:\/\/euromp.com\/wp-content\/uploads\/2025\/06\/icona.png","contentUrl":"https:\/\/euromp.com\/wp-content\/uploads\/2025\/06\/icona.png","width":2363,"height":2363,"caption":"Icono"},{"@type":"BreadcrumbList","@id":"https:\/\/euromp.com\/es\/empresa\/#breadcrumb","itemListElement":[{"@type":"ListItem","position":1,"name":"Inici","item":"https:\/\/euromp.com\/es\/inicio\/"},{"@type":"ListItem","position":2,"name":"Empresa"}]},{"@type":"WebSite","@id":"https:\/\/euromp.com\/es\/#website","url":"https:\/\/euromp.com\/es\/","name":"EuroMp","description":"Hostesses i promotors per esdeveniments professionals, fires, congressos i accions promocionals","publisher":{"@id":"https:\/\/euromp.com\/es\/#organization"},"potentialAction":[{"@type":"SearchAction","target":{"@type":"EntryPoint","urlTemplate":"https:\/\/euromp.com\/es\/?s={search_term_string}"},"query-input":{"@type":"PropertyValueSpecification","valueRequired":true,"valueName":"search_term_string"}}],"inLanguage":"es"},{"@type":"Organization","@id":"https:\/\/euromp.com\/es\/#organization","name":"EuroMp","url":"https:\/\/euromp.com\/es\/","logo":{"@type":"ImageObject","inLanguage":"es","@id":"https:\/\/euromp.com\/es\/#\/schema\/logo\/image\/","url":"https:\/\/euromp.com\/wp-content\/uploads\/2025\/07\/01-LogotipNegre.webp","contentUrl":"https:\/\/euromp.com\/wp-content\/uploads\/2025\/07\/01-LogotipNegre.webp","width":1000,"height":364,"caption":"EuroMp"},"image":{"@id":"https:\/\/euromp.com\/es\/#\/schema\/logo\/image\/"},"sameAs":["https:\/\/www.instagram.com\/euromphostesses\/"]}]}},"_links":{"self":[{"href":"https:\/\/euromp.com\/es\/wp-json\/wp\/v2\/pages\/826","targetHints":{"allow":["GET"]}}],"collection":[{"href":"https:\/\/euromp.com\/es\/wp-json\/wp\/v2\/pages"}],"about":[{"href":"https:\/\/euromp.com\/es\/wp-json\/wp\/v2\/types\/page"}],"author":[{"embeddable":true,"href":"https:\/\/euromp.com\/es\/wp-json\/wp\/v2\/users\/1"}],"replies":[{"embeddable":true,"href":"https:\/\/euromp.com\/es\/wp-json\/wp\/v2\/comments?post=826"}],"version-history":[{"count":7,"href":"https:\/\/euromp.com\/es\/wp-json\/wp\/v2\/pages\/826\/revisions"}],"predecessor-version":[{"id":1074,"href":"https:\/\/euromp.com\/es\/wp-json\/wp\/v2\/pages\/826\/revisions\/1074"}],"wp:featuredmedia":[{"embeddable":true,"href":"https:\/\/euromp.com\/es\/wp-json\/wp\/v2\/media\/73"}],"wp:attachment":[{"href":"https:\/\/euromp.com\/es\/wp-json\/wp\/v2\/media?parent=826"}],"curies":[{"name":"wp","href":"https:\/\/api.w.org\/{rel}","templated":true}]}}